{"id":12060,"date":"2022-03-19T11:24:07","date_gmt":"2022-03-19T11:24:07","guid":{"rendered":"http:\/\/monaco-boats.com\/vaincre\/"},"modified":"2024-02-08T08:47:47","modified_gmt":"2024-02-08T08:47:47","slug":"vaincre","status":"publish","type":"page","link":"https:\/\/monaco-boats.com\/fr\/vaincre\/","title":{"rendered":"Vaincre"},"content":{"rendered":"\t\t<div data-elementor-type=\"wp-page\" data-elementor-id=\"12060\" class=\"elementor elementor-12060\" data-elementor-post-type=\"page\">\n\t\t\t\t\t\t<section class=\"elementor-section elementor-top-section elementor-element elementor-element-b7e567a elementor-section-height-min-height elementor-section-items-bottom elementor-section-content-bottom elementor-section-boxed elementor-section-height-default\" data-id=\"b7e567a\" data-element_type=\"section\" data-e-type=\"section\" data-settings=\"{&quot;background_background&quot;:&quot;classic&quot;}\">\n\t\t\t\t\t\t<div class=\"elementor-container elementor-column-gap-default\">\n\t\t\t\t\t<div class=\"elementor-column elementor-col-100 elementor-top-column elementor-element elementor-element-a2b1923\" data-id=\"a2b1923\" data-element_type=\"column\" data-e-type=\"column\">\n\t\t\t<div class=\"elementor-widget-wrap elementor-element-populated\">\n\t\t\t\t\t\t<div class=\"elementor-element elementor-element-6a8a18f elementor-widget elementor-widget-heading\" data-id=\"6a8a18f\" data-element_type=\"widget\" data-e-type=\"widget\" data-widget_type=\"heading.default\">\n\t\t\t\t<div class=\"elementor-widget-container\">\n\t\t\t\t\t<h2 class=\"elementor-heading-title elementor-size-default\">Vaincre<\/h2>\t\t\t\t<\/div>\n\t\t\t\t<\/div>\n\t\t\t\t\t<\/div>\n\t\t<\/div>\n\t\t\t\t\t<\/div>\n\t\t<\/section>\n\t\t\t\t<section class=\"elementor-section elementor-top-section elementor-element elementor-element-9da68ef elementor-section-boxed elementor-section-height-default elementor-section-height-default\" data-id=\"9da68ef\" data-element_type=\"section\" data-e-type=\"section\">\n\t\t\t\t\t\t<div class=\"elementor-container elementor-column-gap-default\">\n\t\t\t\t\t<div class=\"elementor-column elementor-col-100 elementor-top-column elementor-element elementor-element-6726422\" data-id=\"6726422\" data-element_type=\"column\" data-e-type=\"column\">\n\t\t\t<div class=\"elementor-widget-wrap elementor-element-populated\">\n\t\t\t\t\t\t<div class=\"elementor-element elementor-element-61f4c80 elementor-widget elementor-widget-heading\" data-id=\"61f4c80\" data-element_type=\"widget\" data-e-type=\"widget\" data-widget_type=\"heading.default\">\n\t\t\t\t<div class=\"elementor-widget-container\">\n\t\t\t\t\t<h1 class=\"elementor-heading-title elementor-size-default\">Vanquish A LOUER A MONACO<\/h1>\t\t\t\t<\/div>\n\t\t\t\t<\/div>\n\t\t\t\t<div class=\"elementor-element elementor-element-f341bd7 elementor-widget elementor-widget-text-editor\" data-id=\"f341bd7\" data-element_type=\"widget\" data-e-type=\"widget\" data-widget_type=\"text-editor.default\">\n\t\t\t\t<div class=\"elementor-widget-container\">\n\t\t\t\t\t\t\t\t\t<p>D\u00e9couvrez la liste des Vanquish \u00e0 louer \u00e0 Monaco et parcourez la s\u00e9lection la plus pointue de ces bateaux d&rsquo;exception. De 40 \u00e0 55 pieds, les Vanquish comptent parmi les yachts les plus excitants de ces derni\u00e8res ann\u00e9es. Les bateaux de promenade sont \u00e9quip\u00e9s d&rsquo;\u00e9tonnants salons de proue, ainsi que d&rsquo;un large cockpit \u00e0 l&rsquo;arri\u00e8re avec de nombreuses chaises longues. En bas, vous trouverez une cabine confortable ainsi qu&rsquo;une douche de jour, id\u00e9ale pour les longues excursions d&rsquo;une journ\u00e9e le long de la c\u00f4te. Le bateau id\u00e9al pour se rendre \u00e0 La Gu\u00e9rite depuis Monaco pour la journ\u00e9e !<\/p>\n\t\t\t\t\t\t\t\t<\/div>\n\t\t\t\t<\/div>\n\t\t\t\t\t<\/div>\n\t\t<\/div>\n\t\t\t\t\t<\/div>\n\t\t<\/section>\n\t\t\t\t<section class=\"elementor-section elementor-top-section elementor-element elementor-element-70decb7 elementor-section-boxed elementor-section-height-default elementor-section-height-default\" data-id=\"70decb7\" data-element_type=\"section\" data-e-type=\"section\">\n\t\t\t\t\t\t<div class=\"elementor-container elementor-column-gap-default\">\n\t\t\t\t\t<div class=\"elementor-column elementor-col-100 elementor-top-column elementor-element elementor-element-8a6d6c1\" data-id=\"8a6d6c1\" data-element_type=\"column\" data-e-type=\"column\">\n\t\t\t<div class=\"elementor-widget-wrap elementor-element-populated\">\n\t\t\t\t\t\t<div class=\"elementor-element elementor-element-f5b93a2 elementor-widget elementor-widget-heading\" data-id=\"f5b93a2\" data-element_type=\"widget\" data-e-type=\"widget\" data-widget_type=\"heading.default\">\n\t\t\t\t<div class=\"elementor-widget-container\">\n\t\t\t\t\t<h3 class=\"elementor-heading-title elementor-size-default\">MONACO Vanquish RENTAL<\/h3>\t\t\t\t<\/div>\n\t\t\t\t<\/div>\n\t\t\t\t<div class=\"elementor-element elementor-element-1341b27 elementor-widget elementor-widget-text-editor\" data-id=\"1341b27\" data-element_type=\"widget\" data-e-type=\"widget\" data-widget_type=\"text-editor.default\">\n\t\t\t\t<div class=\"elementor-widget-container\">\n\t\t\t\t\t\t\t\t\t<p>Parcourez notre s\u00e9lection des meilleurs bateaux Vanquish \u00e0 louer \u00e0 Monaco :<\/p>\n\t\t\t\t\t\t\t\t<\/div>\n\t\t\t\t<\/div>\n\t\t\t\t<div class=\"elementor-element elementor-element-99103da elementor-posts--align-center elementor-grid-3 elementor-grid-tablet-2 elementor-grid-mobile-1 elementor-posts--thumbnail-top elementor-card-shadow-yes elementor-posts__hover-gradient elementor-widget elementor-widget-posts\" data-id=\"99103da\" data-element_type=\"widget\" data-e-type=\"widget\" data-settings=\"{&quot;cards_masonry&quot;:&quot;yes&quot;,&quot;cards_columns&quot;:&quot;3&quot;,&quot;cards_columns_tablet&quot;:&quot;2&quot;,&quot;cards_columns_mobile&quot;:&quot;1&quot;,&quot;cards_row_gap&quot;:{&quot;unit&quot;:&quot;px&quot;,&quot;size&quot;:35,&quot;sizes&quot;:[]},&quot;cards_row_gap_tablet&quot;:{&quot;unit&quot;:&quot;px&quot;,&quot;size&quot;:&quot;&quot;,&quot;sizes&quot;:[]},&quot;cards_row_gap_mobile&quot;:{&quot;unit&quot;:&quot;px&quot;,&quot;size&quot;:&quot;&quot;,&quot;sizes&quot;:[]}}\" data-widget_type=\"posts.cards\">\n\t\t\t\t<div class=\"elementor-widget-container\">\n\t\t\t\t\t\t\t<div class=\"elementor-posts-container elementor-posts elementor-posts--skin-cards elementor-grid\" role=\"list\">\n\t\t\t\t<article class=\"elementor-post elementor-grid-item post-12442 villas type-villas status-publish has-post-thumbnail hentry ports-cap-dail ports-port-hercules-fontvieille fuel-fuel-incl entry\" role=\"listitem\">\n\t\t\t<div class=\"elementor-post__card\">\n\t\t\t\t<a class=\"elementor-post__thumbnail__link\" href=\"https:\/\/monaco-boats.com\/ar\/?p=12442\" tabindex=\"-1\" ><div class=\"elementor-post__thumbnail\"><img fetchpriority=\"high\" decoding=\"async\" width=\"750\" height=\"500\" src=\"https:\/\/monaco-boats.com\/wp-content\/uploads\/2022\/02\/Vanquish-45-for-rent-1-1-768x512.jpg\" class=\"attachment-medium_large size-medium_large wp-image-10324\" alt=\"\" srcset=\"https:\/\/monaco-boats.com\/wp-content\/uploads\/2022\/02\/Vanquish-45-for-rent-1-1-768x512.jpg 768w, https:\/\/monaco-boats.com\/wp-content\/uploads\/2022\/02\/Vanquish-45-for-rent-1-1-300x200.jpg 300w, https:\/\/monaco-boats.com\/wp-content\/uploads\/2022\/02\/Vanquish-45-for-rent-1-1-1024x682.jpg 1024w, https:\/\/monaco-boats.com\/wp-content\/uploads\/2022\/02\/Vanquish-45-for-rent-1-1-1536x1024.jpg 1536w, https:\/\/monaco-boats.com\/wp-content\/uploads\/2022\/02\/Vanquish-45-for-rent-1-1-1568x1045.jpg 1568w, https:\/\/monaco-boats.com\/wp-content\/uploads\/2022\/02\/Vanquish-45-for-rent-1-1.jpg 2000w\" sizes=\"(max-width: 750px) 100vw, 750px\" style=\"width:100%;height:66.65%;max-width:2000px;\" \/><\/div><\/a>\n\t\t\t\t<div class=\"elementor-post__text\">\n\t\t\t\t<h3 class=\"elementor-post__title\">\n\t\t\t<a href=\"https:\/\/monaco-boats.com\/ar\/?p=12442\" >\n\t\t\t\t\u0627\u0644\u0647\u0632\u064a\u0645\u0629 45\t\t\t<\/a>\n\t\t<\/h3>\n\t\t\t\t<div class=\"elementor-post__excerpt\">\n\t\t\t<p>14 \u0645 &#8211; \u0641\u0627\u0646\u0643\u0648\u064a\u0634 &#8211; 4795 \u064a\u0648\u0631\u0648<\/p>\n\t\t<\/div>\n\t\t\t\t<\/div>\n\t\t\t\t\t<\/div>\n\t\t<\/article>\n\t\t\t\t<article class=\"elementor-post elementor-grid-item post-12450 villas type-villas status-publish has-post-thumbnail hentry ports-cap-dail ports-port-hercules-fontvieille fuel-fuel-incl entry\" role=\"listitem\">\n\t\t\t<div class=\"elementor-post__card\">\n\t\t\t\t<a class=\"elementor-post__thumbnail__link\" href=\"https:\/\/monaco-boats.com\/fr\/?p=12450\" tabindex=\"-1\" ><div class=\"elementor-post__thumbnail\"><img decoding=\"async\" width=\"750\" height=\"500\" data-src=\"https:\/\/monaco-boats.com\/wp-content\/uploads\/2022\/02\/Vanquish-45-for-rent-1-1-768x512.jpg\" class=\"attachment-medium_large size-medium_large wp-image-10325 lazyload\" alt=\"\" data-srcset=\"https:\/\/monaco-boats.com\/wp-content\/uploads\/2022\/02\/Vanquish-45-for-rent-1-1-768x512.jpg 768w, https:\/\/monaco-boats.com\/wp-content\/uploads\/2022\/02\/Vanquish-45-for-rent-1-1-300x200.jpg 300w, https:\/\/monaco-boats.com\/wp-content\/uploads\/2022\/02\/Vanquish-45-for-rent-1-1-1024x682.jpg 1024w, https:\/\/monaco-boats.com\/wp-content\/uploads\/2022\/02\/Vanquish-45-for-rent-1-1-1536x1024.jpg 1536w, https:\/\/monaco-boats.com\/wp-content\/uploads\/2022\/02\/Vanquish-45-for-rent-1-1-1568x1045.jpg 1568w, https:\/\/monaco-boats.com\/wp-content\/uploads\/2022\/02\/Vanquish-45-for-rent-1-1.jpg 2000w\" data-sizes=\"(max-width: 750px) 100vw, 750px\" style=\"--smush-placeholder-width: 750px; --smush-placeholder-aspect-ratio: 750\/500;width:100%;height:66.65%;max-width:2000px;\" src=\"data:image\/svg+xml;base64,PHN2ZyB3aWR0aD0iMSIgaGVpZ2h0PSIxIiB4bWxucz0iaHR0cDovL3d3dy53My5vcmcvMjAwMC9zdmciPjwvc3ZnPg==\" \/><\/div><\/a>\n\t\t\t\t<div class=\"elementor-post__text\">\n\t\t\t\t<h3 class=\"elementor-post__title\">\n\t\t\t<a href=\"https:\/\/monaco-boats.com\/fr\/?p=12450\" >\n\t\t\t\tVanquish 45\t\t\t<\/a>\n\t\t<\/h3>\n\t\t\t\t<div class=\"elementor-post__excerpt\">\n\t\t\t<p>14m &#8211; Vanquish &#8211; \u20ac4,795<\/p>\n\t\t<\/div>\n\t\t\t\t<\/div>\n\t\t\t\t\t<\/div>\n\t\t<\/article>\n\t\t\t\t<article class=\"elementor-post elementor-grid-item post-12460 villas type-villas status-publish has-post-thumbnail hentry ports-cap-dail ports-port-hercules-fontvieille fuel-fuel-incl entry\" role=\"listitem\">\n\t\t\t<div class=\"elementor-post__card\">\n\t\t\t\t<a class=\"elementor-post__thumbnail__link\" href=\"https:\/\/monaco-boats.com\/ru\/?p=12460\" tabindex=\"-1\" ><div class=\"elementor-post__thumbnail\"><img decoding=\"async\" width=\"750\" height=\"500\" data-src=\"https:\/\/monaco-boats.com\/wp-content\/uploads\/2022\/02\/Vanquish-45-for-rent-1-1-768x512.jpg\" class=\"attachment-medium_large size-medium_large wp-image-10326 lazyload\" alt=\"\" data-srcset=\"https:\/\/monaco-boats.com\/wp-content\/uploads\/2022\/02\/Vanquish-45-for-rent-1-1-768x512.jpg 768w, https:\/\/monaco-boats.com\/wp-content\/uploads\/2022\/02\/Vanquish-45-for-rent-1-1-300x200.jpg 300w, https:\/\/monaco-boats.com\/wp-content\/uploads\/2022\/02\/Vanquish-45-for-rent-1-1-1024x682.jpg 1024w, https:\/\/monaco-boats.com\/wp-content\/uploads\/2022\/02\/Vanquish-45-for-rent-1-1-1536x1024.jpg 1536w, https:\/\/monaco-boats.com\/wp-content\/uploads\/2022\/02\/Vanquish-45-for-rent-1-1-1568x1045.jpg 1568w, https:\/\/monaco-boats.com\/wp-content\/uploads\/2022\/02\/Vanquish-45-for-rent-1-1.jpg 2000w\" data-sizes=\"(max-width: 750px) 100vw, 750px\" style=\"--smush-placeholder-width: 750px; --smush-placeholder-aspect-ratio: 750\/500;width:100%;height:66.65%;max-width:2000px;\" src=\"data:image\/svg+xml;base64,PHN2ZyB3aWR0aD0iMSIgaGVpZ2h0PSIxIiB4bWxucz0iaHR0cDovL3d3dy53My5vcmcvMjAwMC9zdmciPjwvc3ZnPg==\" \/><\/div><\/a>\n\t\t\t\t<div class=\"elementor-post__text\">\n\t\t\t\t<h3 class=\"elementor-post__title\">\n\t\t\t<a href=\"https:\/\/monaco-boats.com\/ru\/?p=12460\" >\n\t\t\t\t\u0412\u0430\u043d\u043a\u0432\u0438\u0448 45\t\t\t<\/a>\n\t\t<\/h3>\n\t\t\t\t<div class=\"elementor-post__excerpt\">\n\t\t\t<p>14 \u043c &#8211; Vanquish &#8211; \u20ac4,795<\/p>\n\t\t<\/div>\n\t\t\t\t<\/div>\n\t\t\t\t\t<\/div>\n\t\t<\/article>\n\t\t\t\t<\/div>\n\t\t\n\t\t\t\t\t\t<\/div>\n\t\t\t\t<\/div>\n\t\t\t\t\t<\/div>\n\t\t<\/div>\n\t\t\t\t\t<\/div>\n\t\t<\/section>\n\t\t\t\t<\/div>\n\t\t","protected":false},"excerpt":{"rendered":"<p>Vaincre Vanquish A LOUER A MONACO D\u00e9couvrez la liste des Vanquish \u00e0 louer \u00e0 Monaco et parcourez la s\u00e9lection la plus pointue de ces bateaux d&rsquo;exception. De 40 \u00e0 55 pieds, les Vanquish comptent parmi les yachts les plus excitants de ces derni\u00e8res ann\u00e9es. Les bateaux de promenade sont \u00e9quip\u00e9s d&rsquo;\u00e9tonnants salons de proue, ainsi&hellip; <a class=\"more-link\" href=\"https:\/\/monaco-boats.com\/ru\/?p=12460\">Poursuivre la lecture <span class=\"screen-reader-text\">\u0412\u0430\u043d\u043a\u0432\u0438\u0448 45<\/span><\/a><\/p>\n","protected":false},"author":2,"featured_media":8012,"parent":0,"menu_order":0,"comment_status":"closed","ping_status":"closed","template":"elementor_header_footer","meta":{"footnotes":""},"class_list":["post-12060","page","type-page","status-publish","has-post-thumbnail","hentry","entry"],"yoast_head":"<!-- This site is optimized with the Yoast SEO plugin v26.8 - https:\/\/yoast.com\/product\/yoast-seo-wordpress\/ -->\n<title>Vanquish \u00e0 louer \u00e0 Monaco - Monaco Vanquish Rental - Monaco Boats.<\/title>\n<meta name=\"description\" content=\"Montez \u00e0 bord d&#039;une Vanquish embl\u00e9matique \u00e0 Monaco ! Parcourez notre s\u00e9lection de Vanquish \u00e0 louer \u00e0 Monaco et embarquez pour une croisi\u00e8re de luxe.\" \/>\n<meta name=\"robots\" content=\"index, follow, max-snippet:-1, max-image-preview:large, max-video-preview:-1\" \/>\n<link rel=\"canonical\" href=\"https:\/\/monaco-boats.com\/fr\/vaincre\/\" \/>\n<meta property=\"og:locale\" content=\"fr_FR\" \/>\n<meta property=\"og:type\" content=\"article\" \/>\n<meta property=\"og:title\" content=\"Vanquish \u00e0 louer \u00e0 Monaco - Monaco Vanquish Rental - Monaco Boats.\" \/>\n<meta property=\"og:description\" content=\"Montez \u00e0 bord d&#039;une Vanquish embl\u00e9matique \u00e0 Monaco ! Parcourez notre s\u00e9lection de Vanquish \u00e0 louer \u00e0 Monaco et embarquez pour une croisi\u00e8re de luxe.\" \/>\n<meta property=\"og:url\" content=\"https:\/\/monaco-boats.com\/fr\/vaincre\/\" \/>\n<meta property=\"og:site_name\" content=\"Monaco Boats\" \/>\n<meta property=\"article:modified_time\" content=\"2024-02-08T08:47:47+00:00\" \/>\n<meta property=\"og:image\" content=\"https:\/\/monaco-boats.com\/wp-content\/uploads\/2022\/02\/Vanquish-45-for-Rent-1.jpg\" \/>\n\t<meta property=\"og:image:width\" content=\"1920\" \/>\n\t<meta property=\"og:image:height\" content=\"1280\" \/>\n\t<meta property=\"og:image:type\" content=\"image\/jpeg\" \/>\n<meta name=\"twitter:card\" content=\"summary_large_image\" \/>\n<meta name=\"twitter:label1\" content=\"Dur\u00e9e de lecture estim\u00e9e\" \/>\n\t<meta name=\"twitter:data1\" content=\"1 minute\" \/>\n<script type=\"application\/ld+json\" class=\"yoast-schema-graph\">{\"@context\":\"https:\/\/schema.org\",\"@graph\":[{\"@type\":\"WebPage\",\"@id\":\"https:\/\/monaco-boats.com\/fr\/vaincre\/\",\"url\":\"https:\/\/monaco-boats.com\/fr\/vaincre\/\",\"name\":\"Vanquish \u00e0 louer \u00e0 Monaco - Monaco Vanquish Rental - Monaco Boats.\",\"isPartOf\":{\"@id\":\"https:\/\/monaco-boats.com\/fr\/#website\"},\"primaryImageOfPage\":{\"@id\":\"https:\/\/monaco-boats.com\/fr\/vaincre\/#primaryimage\"},\"image\":{\"@id\":\"https:\/\/monaco-boats.com\/fr\/vaincre\/#primaryimage\"},\"thumbnailUrl\":\"https:\/\/monaco-boats.com\/wp-content\/uploads\/2022\/02\/Vanquish-45-for-Rent-1.jpg\",\"datePublished\":\"2022-03-19T11:24:07+00:00\",\"dateModified\":\"2024-02-08T08:47:47+00:00\",\"description\":\"Montez \u00e0 bord d'une Vanquish embl\u00e9matique \u00e0 Monaco ! Parcourez notre s\u00e9lection de Vanquish \u00e0 louer \u00e0 Monaco et embarquez pour une croisi\u00e8re de luxe.\",\"breadcrumb\":{\"@id\":\"https:\/\/monaco-boats.com\/fr\/vaincre\/#breadcrumb\"},\"inLanguage\":\"fr-FR\",\"potentialAction\":[{\"@type\":\"ReadAction\",\"target\":[\"https:\/\/monaco-boats.com\/fr\/vaincre\/\"]}]},{\"@type\":\"ImageObject\",\"inLanguage\":\"fr-FR\",\"@id\":\"https:\/\/monaco-boats.com\/fr\/vaincre\/#primaryimage\",\"url\":\"https:\/\/monaco-boats.com\/wp-content\/uploads\/2022\/02\/Vanquish-45-for-Rent-1.jpg\",\"contentUrl\":\"https:\/\/monaco-boats.com\/wp-content\/uploads\/2022\/02\/Vanquish-45-for-Rent-1.jpg\",\"width\":1920,\"height\":1280},{\"@type\":\"BreadcrumbList\",\"@id\":\"https:\/\/monaco-boats.com\/fr\/vaincre\/#breadcrumb\",\"itemListElement\":[{\"@type\":\"ListItem\",\"position\":1,\"name\":\"Home\",\"item\":\"https:\/\/monaco-boats.com\/fr\/\"},{\"@type\":\"ListItem\",\"position\":2,\"name\":\"Vaincre\"}]},{\"@type\":\"WebSite\",\"@id\":\"https:\/\/monaco-boats.com\/fr\/#website\",\"url\":\"https:\/\/monaco-boats.com\/fr\/\",\"name\":\"Monaco Boats\",\"description\":\"Monaco Boats for Rent\",\"publisher\":{\"@id\":\"https:\/\/monaco-boats.com\/fr\/#organization\"},\"potentialAction\":[{\"@type\":\"SearchAction\",\"target\":{\"@type\":\"EntryPoint\",\"urlTemplate\":\"https:\/\/monaco-boats.com\/fr\/?s={search_term_string}\"},\"query-input\":{\"@type\":\"PropertyValueSpecification\",\"valueRequired\":true,\"valueName\":\"search_term_string\"}}],\"inLanguage\":\"fr-FR\"},{\"@type\":\"Organization\",\"@id\":\"https:\/\/monaco-boats.com\/fr\/#organization\",\"name\":\"Monaco Boats\",\"url\":\"https:\/\/monaco-boats.com\/fr\/\",\"logo\":{\"@type\":\"ImageObject\",\"inLanguage\":\"fr-FR\",\"@id\":\"https:\/\/monaco-boats.com\/fr\/#\/schema\/logo\/image\/\",\"url\":\"https:\/\/monaco-boats.com\/wp-content\/uploads\/2022\/01\/Cannes-Villa-Logo.jpg\",\"contentUrl\":\"https:\/\/monaco-boats.com\/wp-content\/uploads\/2022\/01\/Cannes-Villa-Logo.jpg\",\"width\":1704,\"height\":1704,\"caption\":\"Monaco Boats\"},\"image\":{\"@id\":\"https:\/\/monaco-boats.com\/fr\/#\/schema\/logo\/image\/\"}}]}<\/script>\n<!-- \/ Yoast SEO plugin. -->","yoast_head_json":{"title":"Vanquish \u00e0 louer \u00e0 Monaco - Monaco Vanquish Rental - Monaco Boats.","description":"Montez \u00e0 bord d'une Vanquish embl\u00e9matique \u00e0 Monaco ! Parcourez notre s\u00e9lection de Vanquish \u00e0 louer \u00e0 Monaco et embarquez pour une croisi\u00e8re de luxe.","robots":{"index":"index","follow":"follow","max-snippet":"max-snippet:-1","max-image-preview":"max-image-preview:large","max-video-preview":"max-video-preview:-1"},"canonical":"https:\/\/monaco-boats.com\/fr\/vaincre\/","og_locale":"fr_FR","og_type":"article","og_title":"Vanquish \u00e0 louer \u00e0 Monaco - Monaco Vanquish Rental - Monaco Boats.","og_description":"Montez \u00e0 bord d'une Vanquish embl\u00e9matique \u00e0 Monaco ! Parcourez notre s\u00e9lection de Vanquish \u00e0 louer \u00e0 Monaco et embarquez pour une croisi\u00e8re de luxe.","og_url":"https:\/\/monaco-boats.com\/fr\/vaincre\/","og_site_name":"Monaco Boats","article_modified_time":"2024-02-08T08:47:47+00:00","og_image":[{"width":1920,"height":1280,"url":"https:\/\/monaco-boats.com\/wp-content\/uploads\/2022\/02\/Vanquish-45-for-Rent-1.jpg","type":"image\/jpeg"}],"twitter_card":"summary_large_image","twitter_misc":{"Dur\u00e9e de lecture estim\u00e9e":"1 minute"},"schema":{"@context":"https:\/\/schema.org","@graph":[{"@type":"WebPage","@id":"https:\/\/monaco-boats.com\/fr\/vaincre\/","url":"https:\/\/monaco-boats.com\/fr\/vaincre\/","name":"Vanquish \u00e0 louer \u00e0 Monaco - Monaco Vanquish Rental - Monaco Boats.","isPartOf":{"@id":"https:\/\/monaco-boats.com\/fr\/#website"},"primaryImageOfPage":{"@id":"https:\/\/monaco-boats.com\/fr\/vaincre\/#primaryimage"},"image":{"@id":"https:\/\/monaco-boats.com\/fr\/vaincre\/#primaryimage"},"thumbnailUrl":"https:\/\/monaco-boats.com\/wp-content\/uploads\/2022\/02\/Vanquish-45-for-Rent-1.jpg","datePublished":"2022-03-19T11:24:07+00:00","dateModified":"2024-02-08T08:47:47+00:00","description":"Montez \u00e0 bord d'une Vanquish embl\u00e9matique \u00e0 Monaco ! Parcourez notre s\u00e9lection de Vanquish \u00e0 louer \u00e0 Monaco et embarquez pour une croisi\u00e8re de luxe.","breadcrumb":{"@id":"https:\/\/monaco-boats.com\/fr\/vaincre\/#breadcrumb"},"inLanguage":"fr-FR","potentialAction":[{"@type":"ReadAction","target":["https:\/\/monaco-boats.com\/fr\/vaincre\/"]}]},{"@type":"ImageObject","inLanguage":"fr-FR","@id":"https:\/\/monaco-boats.com\/fr\/vaincre\/#primaryimage","url":"https:\/\/monaco-boats.com\/wp-content\/uploads\/2022\/02\/Vanquish-45-for-Rent-1.jpg","contentUrl":"https:\/\/monaco-boats.com\/wp-content\/uploads\/2022\/02\/Vanquish-45-for-Rent-1.jpg","width":1920,"height":1280},{"@type":"BreadcrumbList","@id":"https:\/\/monaco-boats.com\/fr\/vaincre\/#breadcrumb","itemListElement":[{"@type":"ListItem","position":1,"name":"Home","item":"https:\/\/monaco-boats.com\/fr\/"},{"@type":"ListItem","position":2,"name":"Vaincre"}]},{"@type":"WebSite","@id":"https:\/\/monaco-boats.com\/fr\/#website","url":"https:\/\/monaco-boats.com\/fr\/","name":"Monaco Boats","description":"Monaco Boats for Rent","publisher":{"@id":"https:\/\/monaco-boats.com\/fr\/#organization"},"potentialAction":[{"@type":"SearchAction","target":{"@type":"EntryPoint","urlTemplate":"https:\/\/monaco-boats.com\/fr\/?s={search_term_string}"},"query-input":{"@type":"PropertyValueSpecification","valueRequired":true,"valueName":"search_term_string"}}],"inLanguage":"fr-FR"},{"@type":"Organization","@id":"https:\/\/monaco-boats.com\/fr\/#organization","name":"Monaco Boats","url":"https:\/\/monaco-boats.com\/fr\/","logo":{"@type":"ImageObject","inLanguage":"fr-FR","@id":"https:\/\/monaco-boats.com\/fr\/#\/schema\/logo\/image\/","url":"https:\/\/monaco-boats.com\/wp-content\/uploads\/2022\/01\/Cannes-Villa-Logo.jpg","contentUrl":"https:\/\/monaco-boats.com\/wp-content\/uploads\/2022\/01\/Cannes-Villa-Logo.jpg","width":1704,"height":1704,"caption":"Monaco Boats"},"image":{"@id":"https:\/\/monaco-boats.com\/fr\/#\/schema\/logo\/image\/"}}]}},"distributor_meta":false,"distributor_terms":false,"distributor_media":false,"distributor_original_site_name":"Monaco Boats","distributor_original_site_url":"https:\/\/monaco-boats.com\/fr\/","push-errors":false,"_links":{"self":[{"href":"https:\/\/monaco-boats.com\/fr\/wp-json\/wp\/v2\/pages\/12060","targetHints":{"allow":["GET"]}}],"collection":[{"href":"https:\/\/monaco-boats.com\/fr\/wp-json\/wp\/v2\/pages"}],"about":[{"href":"https:\/\/monaco-boats.com\/fr\/wp-json\/wp\/v2\/types\/page"}],"author":[{"embeddable":true,"href":"https:\/\/monaco-boats.com\/fr\/wp-json\/wp\/v2\/users\/2"}],"replies":[{"embeddable":true,"href":"https:\/\/monaco-boats.com\/fr\/wp-json\/wp\/v2\/comments?post=12060"}],"version-history":[{"count":1,"href":"https:\/\/monaco-boats.com\/fr\/wp-json\/wp\/v2\/pages\/12060\/revisions"}],"predecessor-version":[{"id":12078,"href":"https:\/\/monaco-boats.com\/fr\/wp-json\/wp\/v2\/pages\/12060\/revisions\/12078"}],"wp:featuredmedia":[{"embeddable":true,"href":"https:\/\/monaco-boats.com\/fr\/wp-json\/wp\/v2\/media\/8012"}],"wp:attachment":[{"href":"https:\/\/monaco-boats.com\/fr\/wp-json\/wp\/v2\/media?parent=12060"}],"curies":[{"name":"wp","href":"https:\/\/api.w.org\/{rel}","templated":true}]}}