{"id":11957,"date":"2022-01-14T22:04:54","date_gmt":"2022-01-14T20:04:54","guid":{"rendered":"http:\/\/monaco-boats.com\/page-daccueil\/"},"modified":"2026-01-27T16:33:48","modified_gmt":"2026-01-27T14:33:48","slug":"page-daccueil","status":"publish","type":"page","link":"https:\/\/monaco-boats.com\/fr\/","title":{"rendered":"Page d&rsquo;accueil"},"content":{"rendered":"<h1>Bateaux Monaco<\/h1>\n<h5>Location de bateaux Monaco<\/h5>\n<p>La capitale du yachting est pr\u00eate \u00e0 vous accueillir \u00e0 bord de l&rsquo;un de ses fabuleux navires. D\u00e9couvrez une collection de bateaux \u00e0 louer \u00e0 Monaco, du 40&prime; VanDutch aux plus grands Mangusta et Benetti. Monaco Boats est la plateforme id\u00e9ale pour planifier votre prochaine retraite de luxe sur un bateau et passer du temps sur l&rsquo;eau dans le sud de la France. Que vous souhaitiez vous d\u00e9tendre sur un Riva \u00e0 St Jean Cap Ferrat ou faire une croisi\u00e8re jusqu&rsquo;\u00e0 Cannes et St Tropez pour une f\u00eate, nous avons le bateau qu&rsquo;il vous faut. Consultez notre site pour d\u00e9couvrir les meilleures locations de bateaux Monaco.  <\/p>\n<h3>Louer un bateau \u00e0 Monaco<\/h3>\n<h6>L&rsquo;ultime journ\u00e9e du bateau<\/h6>\n<p>Trouvez et r\u00e9servez le bateau de vos r\u00eaves \u00e0 louer \u00e0 Monaco sur notre site et comparez les offres les plus exclusives. D\u00e9couvrez tous les yachts de luxe et b\u00e9n\u00e9ficiez des conseils d&rsquo;experts pour choisir le meilleur pour vous et vos amis. Laissez-nous vous mettre en relation avec les agents les plus comp\u00e9tents sur le terrain pour vous aider \u00e0 planifier votre escapade de luxe \u00e0 bord de l&rsquo;un de nos bateaux \u00e0 louer \u00e0 Monaco, tout en b\u00e9n\u00e9ficiant de tous nos services pour rendre votre croisi\u00e8re inoubliable.&nbsp;<\/p>\n<ul>\n<li>\n\t\t\t\t\t\t\t\t\t\t\t<a href=\"http:\/\/monaco-boats.com\/riva\/\"><br \/>\n  Les embl\u00e9matiques Riva<br \/>\n\t\t\t\t\t\t\t\t\t\t\t<\/a>\n\t\t\t\t\t\t\t\t\t<\/li>\n<li>\n\t\t\t\t\t\t\t\t\t\t\t<a href=\"http:\/\/monaco-boats.com\/to-anjuna\/\"><br \/>\n  Vers Anjuna<br \/>\n\t\t\t\t\t\t\t\t\t\t\t<\/a>\n\t\t\t\t\t\t\t\t\t<\/li>\n<li>\n\t\t\t\t\t\t\t\t\t\t\t<a href=\"http:\/\/monaco-boats.com\/to-la-guerite\/\"><br \/>\n  Vers La Gu\u00e9rite<br \/>\n\t\t\t\t\t\t\t\t\t\t\t<\/a>\n\t\t\t\t\t\t\t\t\t<\/li>\n<li>\n\t\t\t\t\t\t\t\t\t\t\t<a href=\"http:\/\/monaco-boats.com\/boat-tours\/\"><br \/>\n  Excursions en bateau<br \/>\n\t\t\t\t\t\t\t\t\t\t\t<\/a>\n\t\t\t\t\t\t\t\t\t<\/li>\n<li>\n\t\t\t\t\t\t\t\t\t\t\t<a href=\"http:\/\/monaco-boats.com\/yachts\/\"><br \/>\n  Location \u00e0 la semaine<br \/>\n\t\t\t\t\t\t\t\t\t\t\t<\/a>\n\t\t\t\t\t\t\t\t\t<\/li>\n<li>\n\t\t\t\t\t\t\t\t\t\t\t<a href=\"http:\/\/monaco-boats.com\/monaco-grand-prix-yacht-packages\/\"><br \/>\n  Grand Prix de Monaco<br \/>\n\t\t\t\t\t\t\t\t\t\t\t<\/a>\n\t\t\t\t\t\t\t\t\t<\/li>\n<\/ul>\n<p>\t\t\t\t\t\t\t\t\t\t\t\t\t\t\t\t<a href=\"http:\/\/monaco-boats.com\/rentals\/sunseeker-115\/\"><br \/>\n\t\t\t\t\t\t\t<img fetchpriority=\"high\" decoding=\"async\" width=\"750\" height=\"500\" src=\"https:\/\/monaco-boats.com\/wp-content\/uploads\/2022\/02\/Sunseeker-115-for-charter-6-1-1024x682.jpg\" alt=\"Location de bateaux Monaco\" srcset=\"https:\/\/monaco-boats.com\/wp-content\/uploads\/2022\/02\/Sunseeker-115-for-charter-6-1-1024x682.jpg 1024w, https:\/\/monaco-boats.com\/wp-content\/uploads\/2022\/02\/Sunseeker-115-for-charter-6-1-300x200.jpg 300w, https:\/\/monaco-boats.com\/wp-content\/uploads\/2022\/02\/Sunseeker-115-for-charter-6-1-768x512.jpg 768w, https:\/\/monaco-boats.com\/wp-content\/uploads\/2022\/02\/Sunseeker-115-for-charter-6-1-1536x1024.jpg 1536w, https:\/\/monaco-boats.com\/wp-content\/uploads\/2022\/02\/Sunseeker-115-for-charter-6-1-1568x1045.jpg 1568w, https:\/\/monaco-boats.com\/wp-content\/uploads\/2022\/02\/Sunseeker-115-for-charter-6-1.jpg 2000w\" sizes=\"(max-width: 750px) 100vw, 750px\">\t\t\t\t\t\t\t\t<\/a><\/p>\n<h2>Bateaux en vedette<\/h2>\n<h6>Une s\u00e9lection soign\u00e9e<\/h6>\n<p>D\u00e9couvrez une s\u00e9lection de nos bateaux pr\u00e9f\u00e9r\u00e9s \u00e0 louer \u00e0 Monaco :<\/p>\n<p>\t\t\t\t\t<a href=\"http:\/\/monaco-boats.com\/rentals\/\"><br \/>\n  Tous les bateaux<br \/>\n\t\t\t\t\t<\/a><\/p>\n<h2>Yachts de luxe<\/h2>\n<h6>Location de bateaux \u00e0 MOnaco<\/h6>\n<p>Parcourez notre s\u00e9lection de bateaux de luxe \u00e0 louer \u00e0 Monaco :<\/p>\n<p>\t\t\t\t\t<a href=\"http:\/\/monaco-boats.com\/luxury\/\"><br \/>\n  Bateaux de luxe<br \/>\n\t\t\t\t\t<\/a><\/p>\n<h2>Superyachts<\/h2>\n<h6>MOnaco Superyacht Charters<\/h6>\n<p>Parcourez notre s\u00e9lection des meilleurs bateaux \u00e0 louer \u00e0 Monaco :<\/p>\n<p>\t\t\t\t\t<a href=\"http:\/\/monaco-boats.com\/rentals\/\"><br \/>\n  Tous les bateaux<br \/>\n\t\t\t\t\t<\/a><\/p>\n<h3>Guide de la location de bateaux \u00e0 Monaco<\/h3>\n<h6>Conna\u00eetre Monaco<\/h6>\n<p>Le coup d&rsquo;envoi de la saison estivale est donn\u00e9 par le Grand Prix de Monaco. Le point central du Grand Prix est le port, avec les superyachts amarr\u00e9s et align\u00e9s juste devant la piste. Le reste de l&rsquo;\u00e9t\u00e9, vous pourrez profiter des f\u00eates anim\u00e9es d&rsquo;Anjuna, des apr\u00e8s-midi ensoleill\u00e9es et des plages immacul\u00e9es du sud de la France. Parcourez le guide ultime et les itin\u00e9raires avant de trouver le bateau parfait \u00e0 louer \u00e0 Monaco !<\/p>\n<p>\t\t\t\t\t<a href=\"http:\/\/monaco-boats.com\/charter-guide\/\"><br \/>\n  Guide<br \/>\n\t\t\t\t\t<\/a><br \/>\n\t\t\t\t\t\t\t\t\t\t\t\t\t\t\t\t<a href=\"http:\/\/monaco-boats.com\/rentals\/sunseeker-115\/\"><br \/>\n\t\t\t\t\t\t\t<img decoding=\"async\" width=\"750\" height=\"500\" data-src=\"https:\/\/monaco-boats.com\/wp-content\/uploads\/2023\/11\/Azimut-86S-For-Charter-3.jpeg\" alt=\"\" data-srcset=\"https:\/\/monaco-boats.com\/wp-content\/uploads\/2023\/11\/Azimut-86S-For-Charter-3.jpeg 980w, https:\/\/monaco-boats.com\/wp-content\/uploads\/2023\/11\/Azimut-86S-For-Charter-3-300x200.jpeg 300w, https:\/\/monaco-boats.com\/wp-content\/uploads\/2023\/11\/Azimut-86S-For-Charter-3-768x512.jpeg 768w\" data-sizes=\"(max-width: 750px) 100vw, 750px\" src=\"data:image\/svg+xml;base64,PHN2ZyB3aWR0aD0iMSIgaGVpZ2h0PSIxIiB4bWxucz0iaHR0cDovL3d3dy53My5vcmcvMjAwMC9zdmciPjwvc3ZnPg==\" class=\"lazyload\" style=\"--smush-placeholder-width: 750px; --smush-placeholder-aspect-ratio: 750\/500;\">\t\t\t\t\t\t\t\t<\/a><br \/>\n\t\t\t\t\t\t\t\t\t\t\t\t\t\t\t\t<a href=\"http:\/\/monaco-boats.com\/rentals\/sunseeker-115\/\"><br \/>\n\t\t\t\t\t\t\t<img decoding=\"async\" width=\"750\" height=\"500\" data-src=\"https:\/\/monaco-boats.com\/wp-content\/uploads\/2023\/11\/Princess-35M-for-Charter-12-1024x682.jpg\" alt=\"\" data-srcset=\"https:\/\/monaco-boats.com\/wp-content\/uploads\/2023\/11\/Princess-35M-for-Charter-12-1024x682.jpg 1024w, https:\/\/monaco-boats.com\/wp-content\/uploads\/2023\/11\/Princess-35M-for-Charter-12-300x200.jpg 300w, https:\/\/monaco-boats.com\/wp-content\/uploads\/2023\/11\/Princess-35M-for-Charter-12-768x512.jpg 768w, https:\/\/monaco-boats.com\/wp-content\/uploads\/2023\/11\/Princess-35M-for-Charter-12-1536x1024.jpg 1536w, https:\/\/monaco-boats.com\/wp-content\/uploads\/2023\/11\/Princess-35M-for-Charter-12-1568x1045.jpg 1568w, https:\/\/monaco-boats.com\/wp-content\/uploads\/2023\/11\/Princess-35M-for-Charter-12.jpg 2000w\" data-sizes=\"(max-width: 750px) 100vw, 750px\" src=\"data:image\/svg+xml;base64,PHN2ZyB3aWR0aD0iMSIgaGVpZ2h0PSIxIiB4bWxucz0iaHR0cDovL3d3dy53My5vcmcvMjAwMC9zdmciPjwvc3ZnPg==\" class=\"lazyload\" style=\"--smush-placeholder-width: 750px; --smush-placeholder-aspect-ratio: 750\/500;\">\t\t\t\t\t\t\t\t<\/a><\/p>\n<h3>Concierge Monaco<\/h3>\n<h6>Tirez le meilleur parti de votre journ\u00e9e<\/h6>\n<p>Pendant que vous vous d\u00e9tendez \u00e0 bord de votre bateau de location \u00e0 Monaco, vous pouvez compter sur notre concierge de luxe de Monaco pour faire l&rsquo;exp\u00e9rience du plus grand luxe. Notre \u00e9quipe bien inform\u00e9e organisera pour vous tout ce que vous pouvez d\u00e9sirer, des r\u00e9servations dans les clubs de plage les plus prestigieux, des vols en jet priv\u00e9, des transferts en h\u00e9licopt\u00e8re, des chefs cuisiniers priv\u00e9s et bien d&rsquo;autres choses encore. C&rsquo;est \u00e0 vous d&rsquo;en profiter, laissez-nous nous occuper du reste.  <\/p>\n<p>\t\t\t\t\t<a href=\"http:\/\/monaco-boats.com\/concierge\/\"><br \/>\n  Services<br \/>\n\t\t\t\t\t<\/a><\/p>\n<h2>Derni\u00e8res nouvelles de Monaco<\/h2>\n<h6>Ce qui se passe \u00e0 Monaco<\/h6>\n<p>Lisez les derni\u00e8res nouvelles de Monaco Boats pour obtenir les derni\u00e8res informations sur les meilleurs endroits \u00e0 explorer et nos partenariats :<\/p>\n<p>\t\t\t\t\t<a href=\"http:\/\/monaco-boats.com\/news\/\"><br \/>\n  Toutes les nouvelles<br \/>\n\t\t\t\t\t<\/a><\/p>\n","protected":false},"excerpt":{"rendered":"<p>Bateaux Monaco Location de bateaux Monaco La capitale du yachting est pr\u00eate \u00e0 vous accueillir \u00e0 bord de l&rsquo;un de ses fabuleux navires. D\u00e9couvrez une collection de bateaux \u00e0 louer \u00e0 Monaco, du 40&prime; VanDutch aux plus grands Mangusta et Benetti. Monaco Boats est la plateforme id\u00e9ale pour planifier votre prochaine retraite de luxe sur&hellip; <a class=\"more-link\" href=\"https:\/\/monaco-boats.com\/fr\/\">Poursuivre la lecture <span class=\"screen-reader-text\">Page d&rsquo;accueil<\/span><\/a><\/p>\n","protected":false},"author":2,"featured_media":8081,"parent":0,"menu_order":0,"comment_status":"closed","ping_status":"closed","template":"elementor_header_footer","meta":{"footnotes":""},"class_list":["post-11957","page","type-page","status-publish","has-post-thumbnail","hentry","entry"],"yoast_head":"<!-- This site is optimized with the Yoast SEO plugin v26.8 - https:\/\/yoast.com\/product\/yoast-seo-wordpress\/ -->\n<title>Monaco Boats for Rent - Monaco Boats<\/title>\n<meta name=\"description\" content=\"Monaco Boats facilite la recherche d&#039;un bateau \u00e0 louer \u00e0 Monaco. Parcourez nos bateaux Monaco \u00e0 louer et partez sur l&#039;eau cet \u00e9t\u00e9.\" \/>\n<meta name=\"robots\" content=\"index, follow, max-snippet:-1, max-image-preview:large, max-video-preview:-1\" \/>\n<link rel=\"canonical\" href=\"https:\/\/monaco-boats.com\/fr\/\" \/>\n<meta property=\"og:locale\" content=\"fr_FR\" \/>\n<meta property=\"og:type\" content=\"article\" \/>\n<meta property=\"og:title\" content=\"Monaco Boats for Rent - Monaco Boats\" \/>\n<meta property=\"og:description\" content=\"Monaco Boats facilite la recherche d&#039;un bateau \u00e0 louer \u00e0 Monaco. Parcourez nos bateaux Monaco \u00e0 louer et partez sur l&#039;eau cet \u00e9t\u00e9.\" \/>\n<meta property=\"og:url\" content=\"https:\/\/monaco-boats.com\/fr\/\" \/>\n<meta property=\"og:site_name\" content=\"Monaco Boats\" \/>\n<meta property=\"article:modified_time\" content=\"2026-01-27T14:33:48+00:00\" \/>\n<meta property=\"og:image\" content=\"https:\/\/monaco-boats.com\/wp-content\/uploads\/2022\/02\/Wally-45-6-1024x683.jpg\" \/>\n\t<meta property=\"og:image:width\" content=\"1024\" \/>\n\t<meta property=\"og:image:height\" content=\"683\" \/>\n\t<meta property=\"og:image:type\" content=\"image\/jpeg\" \/>\n<meta name=\"twitter:card\" content=\"summary_large_image\" \/>\n<meta name=\"twitter:label1\" content=\"Dur\u00e9e de lecture estim\u00e9e\" \/>\n\t<meta name=\"twitter:data1\" content=\"3 minutes\" \/>\n<script type=\"application\/ld+json\" class=\"yoast-schema-graph\">{\"@context\":\"https:\/\/schema.org\",\"@graph\":[{\"@type\":\"WebPage\",\"@id\":\"https:\/\/monaco-boats.com\/fr\/\",\"url\":\"https:\/\/monaco-boats.com\/fr\/\",\"name\":\"Monaco Boats for Rent - Monaco Boats\",\"isPartOf\":{\"@id\":\"https:\/\/monaco-boats.com\/fr\/#website\"},\"primaryImageOfPage\":{\"@id\":\"https:\/\/monaco-boats.com\/fr\/#primaryimage\"},\"image\":{\"@id\":\"https:\/\/monaco-boats.com\/fr\/#primaryimage\"},\"thumbnailUrl\":\"https:\/\/monaco-boats.com\/wp-content\/uploads\/2022\/02\/Wally-45-6.jpg\",\"datePublished\":\"2022-01-14T20:04:54+00:00\",\"dateModified\":\"2026-01-27T14:33:48+00:00\",\"description\":\"Monaco Boats facilite la recherche d'un bateau \u00e0 louer \u00e0 Monaco. Parcourez nos bateaux Monaco \u00e0 louer et partez sur l'eau cet \u00e9t\u00e9.\",\"breadcrumb\":{\"@id\":\"https:\/\/monaco-boats.com\/fr\/#breadcrumb\"},\"inLanguage\":\"fr-FR\",\"potentialAction\":[{\"@type\":\"ReadAction\",\"target\":[\"https:\/\/monaco-boats.com\/fr\/\"]}]},{\"@type\":\"ImageObject\",\"inLanguage\":\"fr-FR\",\"@id\":\"https:\/\/monaco-boats.com\/fr\/#primaryimage\",\"url\":\"https:\/\/monaco-boats.com\/wp-content\/uploads\/2022\/02\/Wally-45-6.jpg\",\"contentUrl\":\"https:\/\/monaco-boats.com\/wp-content\/uploads\/2022\/02\/Wally-45-6.jpg\",\"width\":1920,\"height\":1280},{\"@type\":\"BreadcrumbList\",\"@id\":\"https:\/\/monaco-boats.com\/fr\/#breadcrumb\",\"itemListElement\":[{\"@type\":\"ListItem\",\"position\":1,\"name\":\"Home\",\"item\":\"https:\/\/monaco-boats.com\/fr\/page-daccueil\/\"},{\"@type\":\"ListItem\",\"position\":2,\"name\":\"Page d&#8217;accueil\"}]},{\"@type\":\"WebSite\",\"@id\":\"https:\/\/monaco-boats.com\/fr\/#website\",\"url\":\"https:\/\/monaco-boats.com\/fr\/\",\"name\":\"Monaco Boats\",\"description\":\"Monaco Boats for Rent\",\"publisher\":{\"@id\":\"https:\/\/monaco-boats.com\/fr\/#organization\"},\"potentialAction\":[{\"@type\":\"SearchAction\",\"target\":{\"@type\":\"EntryPoint\",\"urlTemplate\":\"https:\/\/monaco-boats.com\/fr\/?s={search_term_string}\"},\"query-input\":{\"@type\":\"PropertyValueSpecification\",\"valueRequired\":true,\"valueName\":\"search_term_string\"}}],\"inLanguage\":\"fr-FR\"},{\"@type\":\"Organization\",\"@id\":\"https:\/\/monaco-boats.com\/fr\/#organization\",\"name\":\"Monaco Boats\",\"url\":\"https:\/\/monaco-boats.com\/fr\/\",\"logo\":{\"@type\":\"ImageObject\",\"inLanguage\":\"fr-FR\",\"@id\":\"https:\/\/monaco-boats.com\/fr\/#\/schema\/logo\/image\/\",\"url\":\"https:\/\/monaco-boats.com\/wp-content\/uploads\/2022\/01\/Cannes-Villa-Logo.jpg\",\"contentUrl\":\"https:\/\/monaco-boats.com\/wp-content\/uploads\/2022\/01\/Cannes-Villa-Logo.jpg\",\"width\":1704,\"height\":1704,\"caption\":\"Monaco Boats\"},\"image\":{\"@id\":\"https:\/\/monaco-boats.com\/fr\/#\/schema\/logo\/image\/\"}}]}<\/script>\n<!-- \/ Yoast SEO plugin. -->","yoast_head_json":{"title":"Monaco Boats for Rent - Monaco Boats","description":"Monaco Boats facilite la recherche d'un bateau \u00e0 louer \u00e0 Monaco. Parcourez nos bateaux Monaco \u00e0 louer et partez sur l'eau cet \u00e9t\u00e9.","robots":{"index":"index","follow":"follow","max-snippet":"max-snippet:-1","max-image-preview":"max-image-preview:large","max-video-preview":"max-video-preview:-1"},"canonical":"https:\/\/monaco-boats.com\/fr\/","og_locale":"fr_FR","og_type":"article","og_title":"Monaco Boats for Rent - Monaco Boats","og_description":"Monaco Boats facilite la recherche d'un bateau \u00e0 louer \u00e0 Monaco. Parcourez nos bateaux Monaco \u00e0 louer et partez sur l'eau cet \u00e9t\u00e9.","og_url":"https:\/\/monaco-boats.com\/fr\/","og_site_name":"Monaco Boats","article_modified_time":"2026-01-27T14:33:48+00:00","og_image":[{"width":1024,"height":683,"url":"https:\/\/monaco-boats.com\/wp-content\/uploads\/2022\/02\/Wally-45-6-1024x683.jpg","type":"image\/jpeg"}],"twitter_card":"summary_large_image","twitter_misc":{"Dur\u00e9e de lecture estim\u00e9e":"3 minutes"},"schema":{"@context":"https:\/\/schema.org","@graph":[{"@type":"WebPage","@id":"https:\/\/monaco-boats.com\/fr\/","url":"https:\/\/monaco-boats.com\/fr\/","name":"Monaco Boats for Rent - Monaco Boats","isPartOf":{"@id":"https:\/\/monaco-boats.com\/fr\/#website"},"primaryImageOfPage":{"@id":"https:\/\/monaco-boats.com\/fr\/#primaryimage"},"image":{"@id":"https:\/\/monaco-boats.com\/fr\/#primaryimage"},"thumbnailUrl":"https:\/\/monaco-boats.com\/wp-content\/uploads\/2022\/02\/Wally-45-6.jpg","datePublished":"2022-01-14T20:04:54+00:00","dateModified":"2026-01-27T14:33:48+00:00","description":"Monaco Boats facilite la recherche d'un bateau \u00e0 louer \u00e0 Monaco. Parcourez nos bateaux Monaco \u00e0 louer et partez sur l'eau cet \u00e9t\u00e9.","breadcrumb":{"@id":"https:\/\/monaco-boats.com\/fr\/#breadcrumb"},"inLanguage":"fr-FR","potentialAction":[{"@type":"ReadAction","target":["https:\/\/monaco-boats.com\/fr\/"]}]},{"@type":"ImageObject","inLanguage":"fr-FR","@id":"https:\/\/monaco-boats.com\/fr\/#primaryimage","url":"https:\/\/monaco-boats.com\/wp-content\/uploads\/2022\/02\/Wally-45-6.jpg","contentUrl":"https:\/\/monaco-boats.com\/wp-content\/uploads\/2022\/02\/Wally-45-6.jpg","width":1920,"height":1280},{"@type":"BreadcrumbList","@id":"https:\/\/monaco-boats.com\/fr\/#breadcrumb","itemListElement":[{"@type":"ListItem","position":1,"name":"Home","item":"https:\/\/monaco-boats.com\/fr\/page-daccueil\/"},{"@type":"ListItem","position":2,"name":"Page d&#8217;accueil"}]},{"@type":"WebSite","@id":"https:\/\/monaco-boats.com\/fr\/#website","url":"https:\/\/monaco-boats.com\/fr\/","name":"Monaco Boats","description":"Monaco Boats for Rent","publisher":{"@id":"https:\/\/monaco-boats.com\/fr\/#organization"},"potentialAction":[{"@type":"SearchAction","target":{"@type":"EntryPoint","urlTemplate":"https:\/\/monaco-boats.com\/fr\/?s={search_term_string}"},"query-input":{"@type":"PropertyValueSpecification","valueRequired":true,"valueName":"search_term_string"}}],"inLanguage":"fr-FR"},{"@type":"Organization","@id":"https:\/\/monaco-boats.com\/fr\/#organization","name":"Monaco Boats","url":"https:\/\/monaco-boats.com\/fr\/","logo":{"@type":"ImageObject","inLanguage":"fr-FR","@id":"https:\/\/monaco-boats.com\/fr\/#\/schema\/logo\/image\/","url":"https:\/\/monaco-boats.com\/wp-content\/uploads\/2022\/01\/Cannes-Villa-Logo.jpg","contentUrl":"https:\/\/monaco-boats.com\/wp-content\/uploads\/2022\/01\/Cannes-Villa-Logo.jpg","width":1704,"height":1704,"caption":"Monaco Boats"},"image":{"@id":"https:\/\/monaco-boats.com\/fr\/#\/schema\/logo\/image\/"}}]}},"distributor_meta":false,"distributor_terms":false,"distributor_media":false,"distributor_original_site_name":"Monaco Boats","distributor_original_site_url":"https:\/\/monaco-boats.com\/fr\/","push-errors":false,"_links":{"self":[{"href":"https:\/\/monaco-boats.com\/fr\/wp-json\/wp\/v2\/pages\/11957","targetHints":{"allow":["GET"]}}],"collection":[{"href":"https:\/\/monaco-boats.com\/fr\/wp-json\/wp\/v2\/pages"}],"about":[{"href":"https:\/\/monaco-boats.com\/fr\/wp-json\/wp\/v2\/types\/page"}],"author":[{"embeddable":true,"href":"https:\/\/monaco-boats.com\/fr\/wp-json\/wp\/v2\/users\/2"}],"replies":[{"embeddable":true,"href":"https:\/\/monaco-boats.com\/fr\/wp-json\/wp\/v2\/comments?post=11957"}],"version-history":[{"count":16,"href":"https:\/\/monaco-boats.com\/fr\/wp-json\/wp\/v2\/pages\/11957\/revisions"}],"predecessor-version":[{"id":19541,"href":"https:\/\/monaco-boats.com\/fr\/wp-json\/wp\/v2\/pages\/11957\/revisions\/19541"}],"wp:featuredmedia":[{"embeddable":true,"href":"https:\/\/monaco-boats.com\/fr\/wp-json\/wp\/v2\/media\/8081"}],"wp:attachment":[{"href":"https:\/\/monaco-boats.com\/fr\/wp-json\/wp\/v2\/media?parent=11957"}],"curies":[{"name":"wp","href":"https:\/\/api.w.org\/{rel}","templated":true}]}}